{"id":62,"date":"2014-01-29T21:56:43","date_gmt":"2014-01-30T02:56:43","guid":{"rendered":"http:\/\/www.safetechpanamerica.com\/?page_id=62"},"modified":"2016-04-11T13:00:58","modified_gmt":"2016-04-11T18:00:58","slug":"deteccion-de-gases","status":"publish","type":"page","link":"http:\/\/www.safetechpanamerica.com\/es\/productos\/deteccion-de-gases\/","title":{"rendered":"Detecci\u00f3n de Gases"},"content":{"rendered":"<p>Aparatos que detectan la presencia de gases en el aire y que a una determinada concentraci\u00f3n, emiten una se\u00f1al. Pueden ser port\u00e1tiles o fijos, recalibrables, multigases.<\/p>\n","protected":false},"excerpt":{"rendered":"<p>Aparatos que detectan la presencia de gases en el aire y que a una determinada concentraci\u00f3n, emiten una se\u00f1al. Pueden ser port\u00e1tiles o fijos, recalibrables, multigases.<\/p>\n","protected":false},"author":1,"featured_media":1531,"parent":30,"menu_order":14,"comment_status":"open","ping_status":"closed","template":"template-productos.php","meta":[],"acf":[],"aioseo_notices":[],"_links":{"self":[{"href":"http:\/\/www.safetechpanamerica.com\/es\/wp-json\/wp\/v2\/pages\/62"}],"collection":[{"href":"http:\/\/www.safetechpanamerica.com\/es\/wp-json\/wp\/v2\/pages"}],"about":[{"href":"http:\/\/www.safetechpanamerica.com\/es\/wp-json\/wp\/v2\/types\/page"}],"author":[{"embeddable":true,"href":"http:\/\/www.safetechpanamerica.com\/es\/wp-json\/wp\/v2\/users\/1"}],"replies":[{"embeddable":true,"href":"http:\/\/www.safetechpanamerica.com\/es\/wp-json\/wp\/v2\/comments?post=62"}],"version-history":[{"count":2,"href":"http:\/\/www.safetechpanamerica.com\/es\/wp-json\/wp\/v2\/pages\/62\/revisions"}],"predecessor-version":[{"id":1529,"href":"http:\/\/www.safetechpanamerica.com\/es\/wp-json\/wp\/v2\/pages\/62\/revisions\/1529"}],"up":[{"embeddable":true,"href":"http:\/\/www.safetechpanamerica.com\/es\/wp-json\/wp\/v2\/pages\/30"}],"wp:featuredmedia":[{"embeddable":true,"href":"http:\/\/www.safetechpanamerica.com\/es\/wp-json\/wp\/v2\/media\/1531"}],"wp:attachment":[{"href":"http:\/\/www.safetechpanamerica.com\/es\/wp-json\/wp\/v2\/media?parent=62"}],"curies":[{"name":"wp","href":"https:\/\/api.w.org\/{rel}","templated":true}]}}