{"id":54,"date":"2014-01-29T21:55:33","date_gmt":"2014-01-30T02:55:33","guid":{"rendered":"http:\/\/www.safetechpanamerica.com\/?page_id=54"},"modified":"2016-04-11T13:00:58","modified_gmt":"2016-04-11T18:00:58","slug":"sistemas-contra-incendios","status":"publish","type":"page","link":"http:\/\/www.safetechpanamerica.com\/es\/productos\/sistemas-contra-incendios\/","title":{"rendered":"Sistemas Contra incendios"},"content":{"rendered":"<p>Equipos especializados en la extinci\u00f3n de incendios, y prevenir da\u00f1os respiratorios por inhalaci\u00f3n de humo.<\/p>\n","protected":false},"excerpt":{"rendered":"<p>Equipos especializados en la extinci\u00f3n de incendios, y prevenir da\u00f1os respiratorios por inhalaci\u00f3n de humo.<\/p>\n","protected":false},"author":1,"featured_media":1509,"parent":30,"menu_order":10,"comment_status":"open","ping_status":"closed","template":"template-productos.php","meta":[],"acf":[],"aioseo_notices":[],"_links":{"self":[{"href":"http:\/\/www.safetechpanamerica.com\/es\/wp-json\/wp\/v2\/pages\/54"}],"collection":[{"href":"http:\/\/www.safetechpanamerica.com\/es\/wp-json\/wp\/v2\/pages"}],"about":[{"href":"http:\/\/www.safetechpanamerica.com\/es\/wp-json\/wp\/v2\/types\/page"}],"author":[{"embeddable":true,"href":"http:\/\/www.safetechpanamerica.com\/es\/wp-json\/wp\/v2\/users\/1"}],"replies":[{"embeddable":true,"href":"http:\/\/www.safetechpanamerica.com\/es\/wp-json\/wp\/v2\/comments?post=54"}],"version-history":[{"count":3,"href":"http:\/\/www.safetechpanamerica.com\/es\/wp-json\/wp\/v2\/pages\/54\/revisions"}],"predecessor-version":[{"id":1506,"href":"http:\/\/www.safetechpanamerica.com\/es\/wp-json\/wp\/v2\/pages\/54\/revisions\/1506"}],"up":[{"embeddable":true,"href":"http:\/\/www.safetechpanamerica.com\/es\/wp-json\/wp\/v2\/pages\/30"}],"wp:featuredmedia":[{"embeddable":true,"href":"http:\/\/www.safetechpanamerica.com\/es\/wp-json\/wp\/v2\/media\/1509"}],"wp:attachment":[{"href":"http:\/\/www.safetechpanamerica.com\/es\/wp-json\/wp\/v2\/media?parent=54"}],"curies":[{"name":"wp","href":"https:\/\/api.w.org\/{rel}","templated":true}]}}