{"id":48,"date":"2014-01-29T21:54:29","date_gmt":"2014-01-30T02:54:29","guid":{"rendered":"http:\/\/www.safetechpanamerica.com\/?page_id=48"},"modified":"2016-07-04T07:14:21","modified_gmt":"2016-07-04T12:14:21","slug":"senales-omi","status":"publish","type":"page","link":"http:\/\/www.safetechpanamerica.com\/es\/productos\/senales-omi\/","title":{"rendered":"Se\u00f1ales OMI"},"content":{"rendered":"<p>Se\u00f1ales fotoluminiscentes que cumplen con las regulaciones OMI y las convenciones SOLAS, tambi\u00e9n posters OMI sobre procedimientos de seguridad como los requiere el c\u00f3digo ISM.<\/p>\n","protected":false},"excerpt":{"rendered":"<p>Se\u00f1ales fotoluminiscentes que cumplen con las regulaciones OMI y las convenciones SOLAS, tambi\u00e9n posters OMI sobre procedimientos de seguridad como los requiere el c\u00f3digo ISM.<\/p>\n","protected":false},"author":1,"featured_media":1490,"parent":30,"menu_order":7,"comment_status":"open","ping_status":"closed","template":"template-productos.php","meta":[],"acf":[],"aioseo_notices":[],"_links":{"self":[{"href":"http:\/\/www.safetechpanamerica.com\/es\/wp-json\/wp\/v2\/pages\/48"}],"collection":[{"href":"http:\/\/www.safetechpanamerica.com\/es\/wp-json\/wp\/v2\/pages"}],"about":[{"href":"http:\/\/www.safetechpanamerica.com\/es\/wp-json\/wp\/v2\/types\/page"}],"author":[{"embeddable":true,"href":"http:\/\/www.safetechpanamerica.com\/es\/wp-json\/wp\/v2\/users\/1"}],"replies":[{"embeddable":true,"href":"http:\/\/www.safetechpanamerica.com\/es\/wp-json\/wp\/v2\/comments?post=48"}],"version-history":[{"count":5,"href":"http:\/\/www.safetechpanamerica.com\/es\/wp-json\/wp\/v2\/pages\/48\/revisions"}],"predecessor-version":[{"id":2224,"href":"http:\/\/www.safetechpanamerica.com\/es\/wp-json\/wp\/v2\/pages\/48\/revisions\/2224"}],"up":[{"embeddable":true,"href":"http:\/\/www.safetechpanamerica.com\/es\/wp-json\/wp\/v2\/pages\/30"}],"wp:featuredmedia":[{"embeddable":true,"href":"http:\/\/www.safetechpanamerica.com\/es\/wp-json\/wp\/v2\/media\/1490"}],"wp:attachment":[{"href":"http:\/\/www.safetechpanamerica.com\/es\/wp-json\/wp\/v2\/media?parent=48"}],"curies":[{"name":"wp","href":"https:\/\/api.w.org\/{rel}","templated":true}]}}