{"id":42,"date":"2014-01-29T21:53:10","date_gmt":"2014-01-30T02:53:10","guid":{"rendered":"http:\/\/www.safetechpanamerica.com\/?page_id=42"},"modified":"2016-04-11T13:00:58","modified_gmt":"2016-04-11T18:00:58","slug":"lentes","status":"publish","type":"page","link":"http:\/\/www.safetechpanamerica.com\/es\/productos\/lentes\/","title":{"rendered":"Lentes"},"content":{"rendered":"<p>Protecci\u00f3n de los ojos contra part\u00edculas, l\u00edquidos o cualquier elemento que pueda ocasionar irritaci\u00f3n o lesi\u00f3n que obstruya la visi\u00f3n.<\/p>\n","protected":false},"excerpt":{"rendered":"<p>Protecci\u00f3n de los ojos contra part\u00edculas, l\u00edquidos o cualquier elemento que pueda ocasionar irritaci\u00f3n o lesi\u00f3n que obstruya la visi\u00f3n.<\/p>\n","protected":false},"author":1,"featured_media":1470,"parent":30,"menu_order":4,"comment_status":"open","ping_status":"closed","template":"template-productos.php","meta":[],"acf":[],"aioseo_notices":[],"_links":{"self":[{"href":"http:\/\/www.safetechpanamerica.com\/es\/wp-json\/wp\/v2\/pages\/42"}],"collection":[{"href":"http:\/\/www.safetechpanamerica.com\/es\/wp-json\/wp\/v2\/pages"}],"about":[{"href":"http:\/\/www.safetechpanamerica.com\/es\/wp-json\/wp\/v2\/types\/page"}],"author":[{"embeddable":true,"href":"http:\/\/www.safetechpanamerica.com\/es\/wp-json\/wp\/v2\/users\/1"}],"replies":[{"embeddable":true,"href":"http:\/\/www.safetechpanamerica.com\/es\/wp-json\/wp\/v2\/comments?post=42"}],"version-history":[{"count":3,"href":"http:\/\/www.safetechpanamerica.com\/es\/wp-json\/wp\/v2\/pages\/42\/revisions"}],"predecessor-version":[{"id":1474,"href":"http:\/\/www.safetechpanamerica.com\/es\/wp-json\/wp\/v2\/pages\/42\/revisions\/1474"}],"up":[{"embeddable":true,"href":"http:\/\/www.safetechpanamerica.com\/es\/wp-json\/wp\/v2\/pages\/30"}],"wp:featuredmedia":[{"embeddable":true,"href":"http:\/\/www.safetechpanamerica.com\/es\/wp-json\/wp\/v2\/media\/1470"}],"wp:attachment":[{"href":"http:\/\/www.safetechpanamerica.com\/es\/wp-json\/wp\/v2\/media?parent=42"}],"curies":[{"name":"wp","href":"https:\/\/api.w.org\/{rel}","templated":true}]}}