{"id":40,"date":"2014-01-29T21:51:59","date_gmt":"2014-01-30T02:51:59","guid":{"rendered":"http:\/\/www.safetechpanamerica.com\/?page_id=40"},"modified":"2016-04-11T13:00:58","modified_gmt":"2016-04-11T18:00:58","slug":"protectores-respiratorios","status":"publish","type":"page","link":"http:\/\/www.safetechpanamerica.com\/es\/productos\/protectores-respiratorios\/","title":{"rendered":"Protectores Respiratorios"},"content":{"rendered":"<p>Sistemas y elementos que protegen al usuario de part\u00edculas, gases o vapores que puedan ocasionar da\u00f1os a la salud por inhalaci\u00f3n.<\/p>\n","protected":false},"excerpt":{"rendered":"<p>Sistemas y elementos que protegen al usuario de part\u00edculas, gases o vapores que puedan ocasionar da\u00f1os a la salud por inhalaci\u00f3n.<\/p>\n","protected":false},"author":1,"featured_media":1464,"parent":30,"menu_order":3,"comment_status":"open","ping_status":"closed","template":"template-productos.php","meta":[],"acf":[],"aioseo_notices":[],"_links":{"self":[{"href":"http:\/\/www.safetechpanamerica.com\/es\/wp-json\/wp\/v2\/pages\/40"}],"collection":[{"href":"http:\/\/www.safetechpanamerica.com\/es\/wp-json\/wp\/v2\/pages"}],"about":[{"href":"http:\/\/www.safetechpanamerica.com\/es\/wp-json\/wp\/v2\/types\/page"}],"author":[{"embeddable":true,"href":"http:\/\/www.safetechpanamerica.com\/es\/wp-json\/wp\/v2\/users\/1"}],"replies":[{"embeddable":true,"href":"http:\/\/www.safetechpanamerica.com\/es\/wp-json\/wp\/v2\/comments?post=40"}],"version-history":[{"count":3,"href":"http:\/\/www.safetechpanamerica.com\/es\/wp-json\/wp\/v2\/pages\/40\/revisions"}],"predecessor-version":[{"id":1467,"href":"http:\/\/www.safetechpanamerica.com\/es\/wp-json\/wp\/v2\/pages\/40\/revisions\/1467"}],"up":[{"embeddable":true,"href":"http:\/\/www.safetechpanamerica.com\/es\/wp-json\/wp\/v2\/pages\/30"}],"wp:featuredmedia":[{"embeddable":true,"href":"http:\/\/www.safetechpanamerica.com\/es\/wp-json\/wp\/v2\/media\/1464"}],"wp:attachment":[{"href":"http:\/\/www.safetechpanamerica.com\/es\/wp-json\/wp\/v2\/media?parent=40"}],"curies":[{"name":"wp","href":"https:\/\/api.w.org\/{rel}","templated":true}]}}