{"id":38,"date":"2014-01-29T21:51:26","date_gmt":"2014-01-30T02:51:26","guid":{"rendered":"http:\/\/www.safetechpanamerica.com\/?page_id=38"},"modified":"2016-04-11T13:00:57","modified_gmt":"2016-04-11T18:00:57","slug":"protectores-auditivos","status":"publish","type":"page","link":"http:\/\/www.safetechpanamerica.com\/es\/productos\/protectores-auditivos\/","title":{"rendered":"Protectores Auditivos"},"content":{"rendered":"<p>Equipos de protecci\u00f3n personal que evitan da\u00f1os en el o\u00eddo al reducir el nivel de ruido, se ofrecen de diferentes valores NRR.<\/p>\n","protected":false},"excerpt":{"rendered":"<p>Equipos de protecci\u00f3n personal que evitan da\u00f1os en el o\u00eddo al reducir el nivel de ruido, se ofrecen de diferentes valores NRR.<\/p>\n","protected":false},"author":1,"featured_media":1458,"parent":30,"menu_order":2,"comment_status":"open","ping_status":"closed","template":"template-productos.php","meta":[],"acf":[],"aioseo_notices":[],"_links":{"self":[{"href":"http:\/\/www.safetechpanamerica.com\/es\/wp-json\/wp\/v2\/pages\/38"}],"collection":[{"href":"http:\/\/www.safetechpanamerica.com\/es\/wp-json\/wp\/v2\/pages"}],"about":[{"href":"http:\/\/www.safetechpanamerica.com\/es\/wp-json\/wp\/v2\/types\/page"}],"author":[{"embeddable":true,"href":"http:\/\/www.safetechpanamerica.com\/es\/wp-json\/wp\/v2\/users\/1"}],"replies":[{"embeddable":true,"href":"http:\/\/www.safetechpanamerica.com\/es\/wp-json\/wp\/v2\/comments?post=38"}],"version-history":[{"count":3,"href":"http:\/\/www.safetechpanamerica.com\/es\/wp-json\/wp\/v2\/pages\/38\/revisions"}],"predecessor-version":[{"id":1461,"href":"http:\/\/www.safetechpanamerica.com\/es\/wp-json\/wp\/v2\/pages\/38\/revisions\/1461"}],"up":[{"embeddable":true,"href":"http:\/\/www.safetechpanamerica.com\/es\/wp-json\/wp\/v2\/pages\/30"}],"wp:featuredmedia":[{"embeddable":true,"href":"http:\/\/www.safetechpanamerica.com\/es\/wp-json\/wp\/v2\/media\/1458"}],"wp:attachment":[{"href":"http:\/\/www.safetechpanamerica.com\/es\/wp-json\/wp\/v2\/media?parent=38"}],"curies":[{"name":"wp","href":"https:\/\/api.w.org\/{rel}","templated":true}]}}