{"id":25,"date":"2014-01-29T21:46:55","date_gmt":"2014-01-29T21:46:55","guid":{"rendered":"http:\/\/www.safetechpanamerica.com\/?page_id=25"},"modified":"2016-07-26T07:22:04","modified_gmt":"2016-07-26T12:22:04","slug":"contacto","status":"publish","type":"page","link":"http:\/\/www.safetechpanamerica.com\/es\/contacto\/","title":{"rendered":"Contacto"},"content":{"rendered":"<h2><strong>Safetech Panamerica Inc.<\/strong><\/h2>\n<p>RUC. \u00a0155616816-2-2015 DV 6<\/p>\n<p>Zona Franca de Corozal, Bodega T336, Corregimiento de Anc\u00f3n , Panam\u00e1, Republica de Panam\u00e1<\/p>\n<p><img src=\"http:\/\/www.safetechvenezuela.com\/wp-content\/uploads\/2014\/01\/telephone-fax.png\" alt=\"telephone-fax\" \/>\u00a0+507-317-6109\u00a0\u00a0\u00a0\u00a0 <img src=\"http:\/\/www.safetechvenezuela.com\/wp-content\/uploads\/2014\/01\/telephone-fax.png\" alt=\"telephone-fax\" \/>\u00a0+507-661-82406<br \/>\n<img src=\"http:\/\/www.safetechvenezuela.com\/wp-content\/uploads\/2014\/01\/telephone-fax.png\" alt=\"telephone-fax\" \/>\u00a0+507-387-2906\u00a0\u00a0\u00a0\u00a0 <img src=\"http:\/\/www.safetechvenezuela.com\/wp-content\/uploads\/2014\/01\/telephone-fax.png\" alt=\"telephone-fax\" \/>\u00a0+507-657-34192<\/p>\n<p><img src=\"http:\/\/www.safetechvenezuela.com\/wp-content\/uploads\/2014\/01\/mail-arrow.png\" alt=\"mail--arrow\" \/> info@safetechpanamerica.com<br \/>\n<img src=\"http:\/\/www.safetechvenezuela.com\/wp-content\/uploads\/2014\/01\/mail-arrow.png\" alt=\"mail--arrow\" \/>\u00a0sales@safetechpanamerica.com<br \/>\n<img src=\"http:\/\/www.safetechvenezuela.com\/wp-content\/uploads\/2014\/01\/mail-arrow.png\" alt=\"mail--arrow\" \/>\u00a0zuly.astidias@safetechpamerica.com<br \/>\n<img src=\"http:\/\/www.safetechvenezuela.com\/wp-content\/uploads\/2014\/01\/mail-arrow.png\" alt=\"mail--arrow\" \/>\u00a0yeissit.astidias@safetechpanamerica.com<\/p>\n<p><img src=\"http:\/\/www.safetechvenezuela.com\/wp-content\/uploads\/2014\/01\/skype.png\" alt=\"skype\" \/>\u00a0zuly.astidias1<br \/>\n<img src=\"http:\/\/www.safetechvenezuela.com\/wp-content\/uploads\/2014\/01\/skype.png\" alt=\"skype\" \/>\u00a0<span style=\"line-height: 1.42857;\">yeissit.astidias<\/span><\/p>\n<h3><strong>Tambi\u00e9n estamos en Venezuela:<\/strong><\/h3>\n<p style=\"padding-left: 30px;\"><a href=\"http:\/\/www.safetechvenezuela.com\" target=\"_blank\">www.safetechvenezuela.com<\/a><\/p>\n<p>&nbsp;<\/p>\n<h3><strong>Formulario de Contacto<\/strong><\/h3>\n\n<div class=\"wpcf7 no-js\" id=\"wpcf7-f2115-o1\" lang=\"es-ES\" dir=\"ltr\">\n<div class=\"screen-reader-response\"><p role=\"status\" aria-live=\"polite\" aria-atomic=\"true\"><\/p> <ul><\/ul><\/div>\n<form action=\"\/es\/wp-json\/wp\/v2\/pages\/25#wpcf7-f2115-o1\" method=\"post\" class=\"wpcf7-form init\" aria-label=\"Formulario de contacto\" novalidate=\"novalidate\" data-status=\"init\">\n<div style=\"display: none;\">\n<input type=\"hidden\" name=\"_wpcf7\" value=\"2115\" \/>\n<input type=\"hidden\" name=\"_wpcf7_version\" value=\"5.7.7\" \/>\n<input type=\"hidden\" name=\"_wpcf7_locale\" value=\"es_ES\" \/>\n<input type=\"hidden\" name=\"_wpcf7_unit_tag\" value=\"wpcf7-f2115-o1\" \/>\n<input type=\"hidden\" name=\"_wpcf7_container_post\" value=\"0\" \/>\n<input type=\"hidden\" name=\"_wpcf7_posted_data_hash\" value=\"\" \/>\n<\/div>\n<p>Nombre y Apellido(*)\n<\/p>\n<p><span class=\"wpcf7-form-control-wrap\" data-name=\"your-name\"><input size=\"40\" class=\"wpcf7-form-control wpcf7-text wpcf7-validates-as-required\" aria-required=\"true\" aria-invalid=\"false\" value=\"\" type=\"text\" name=\"your-name\" \/><\/span>\n<\/p>\n<p>Email(*)\n<\/p>\n<p><span class=\"wpcf7-form-control-wrap\" data-name=\"your-email\"><input size=\"40\" class=\"wpcf7-form-control wpcf7-text wpcf7-email wpcf7-validates-as-required wpcf7-validates-as-email\" aria-required=\"true\" aria-invalid=\"false\" value=\"\" type=\"email\" name=\"your-email\" \/><\/span>\n<\/p>\n<p>Tel\u00e9fono\n<\/p>\n<p><span class=\"wpcf7-form-control-wrap\" data-name=\"Telefono\"><input size=\"40\" class=\"wpcf7-form-control wpcf7-text wpcf7-tel wpcf7-validates-as-tel\" aria-invalid=\"false\" value=\"\" type=\"tel\" name=\"Telefono\" \/><\/span>\n<\/p>\n<p>Pregunta \/ Solicitud\n<\/p>\n<p><span class=\"wpcf7-form-control-wrap\" data-name=\"your-message\"><textarea cols=\"40\" rows=\"10\" class=\"wpcf7-form-control wpcf7-textarea\" aria-invalid=\"false\" name=\"your-message\"><\/textarea><\/span>\n<\/p>\n<p><input class=\"wpcf7-form-control has-spinner wpcf7-submit\" type=\"submit\" value=\"Enviar\" \/>\n<\/p><p style=\"display: none !important;\" class=\"akismet-fields-container\" data-prefix=\"_wpcf7_ak_\"><label>&#916;<textarea name=\"_wpcf7_ak_hp_textarea\" cols=\"45\" rows=\"8\" maxlength=\"100\"><\/textarea><\/label><input type=\"hidden\" id=\"ak_js_1\" name=\"_wpcf7_ak_js\" value=\"92\"\/><script type=\"text\/javascript\">\ndocument.getElementById( \"ak_js_1\" ).setAttribute( \"value\", ( new Date() ).getTime() );\n<\/script>\n<\/p><div class=\"wpcf7-response-output\" aria-hidden=\"true\"><\/div>\n<\/form>\n<\/div>\n\n","protected":false},"excerpt":{"rendered":"<p>Safetech Panamerica Inc. RUC. \u00a0155616816-2-2015 DV 6 Zona Franca de Corozal, Bodega T336, Corregimiento de Anc\u00f3n , Panam\u00e1, Republica de Panam\u00e1 \u00a0+507-317-6109\u00a0\u00a0\u00a0\u00a0 \u00a0+507-661-82406 \u00a0+507-387-2906\u00a0\u00a0\u00a0\u00a0 \u00a0+507-657-34192 info@safetechpanamerica.com \u00a0sales@safetechpanamerica.com \u00a0zuly.astidias@safetechpamerica.com \u00a0yeissit.astidias@safetechpanamerica.com \u00a0zuly.astidias1 \u00a0yeissit.astidias Tambi\u00e9n estamos en Venezuela: www.safetechvenezuela.com &nbsp; Formulario de Contacto<\/p>\n","protected":false},"author":1,"featured_media":2233,"parent":0,"menu_order":0,"comment_status":"open","ping_status":"closed","template":"page-contacto.php","meta":[],"acf":[],"aioseo_notices":[],"_links":{"self":[{"href":"http:\/\/www.safetechpanamerica.com\/es\/wp-json\/wp\/v2\/pages\/25"}],"collection":[{"href":"http:\/\/www.safetechpanamerica.com\/es\/wp-json\/wp\/v2\/pages"}],"about":[{"href":"http:\/\/www.safetechpanamerica.com\/es\/wp-json\/wp\/v2\/types\/page"}],"author":[{"embeddable":true,"href":"http:\/\/www.safetechpanamerica.com\/es\/wp-json\/wp\/v2\/users\/1"}],"replies":[{"embeddable":true,"href":"http:\/\/www.safetechpanamerica.com\/es\/wp-json\/wp\/v2\/comments?post=25"}],"version-history":[{"count":26,"href":"http:\/\/www.safetechpanamerica.com\/es\/wp-json\/wp\/v2\/pages\/25\/revisions"}],"predecessor-version":[{"id":2237,"href":"http:\/\/www.safetechpanamerica.com\/es\/wp-json\/wp\/v2\/pages\/25\/revisions\/2237"}],"wp:featuredmedia":[{"embeddable":true,"href":"http:\/\/www.safetechpanamerica.com\/es\/wp-json\/wp\/v2\/media\/2233"}],"wp:attachment":[{"href":"http:\/\/www.safetechpanamerica.com\/es\/wp-json\/wp\/v2\/media?parent=25"}],"curies":[{"name":"wp","href":"https:\/\/api.w.org\/{rel}","templated":true}]}}