{"id":21,"date":"2014-01-29T21:46:22","date_gmt":"2014-01-29T21:46:22","guid":{"rendered":"http:\/\/www.safetechpanamerica.com\/?page_id=21"},"modified":"2016-03-03T07:46:26","modified_gmt":"2016-03-03T12:46:26","slug":"la-empresa","status":"publish","type":"page","link":"http:\/\/www.safetechpanamerica.com\/es\/la-empresa\/","title":{"rendered":"La Empresa"},"content":{"rendered":"<h3 align=\"justify\"><strong>\u00bfQui\u00e9nes somos?<\/strong><\/h3>\n<p align=\"justify\">Una empresa creada para dar respuesta inmediata a las necesidades de nuestros clientes , a la distribuci\u00f3n y suministro de equipos de protecci\u00f3n personal, herramientas de seguridad industrial y asesoramiento en materias de salud, seguridad, higiene y ambiente, cuyo prop\u00f3sito es contribuir con el sector mar\u00edtimo e industrial en el logro de sus objetivos, enfocada a la diferenciaci\u00f3n de sus productos y la personalizaci\u00f3n de sus servicios, aportando valor a nuestros clientes a trav\u00e9s de la gesti\u00f3n de un excelente talento humano y el uso de la mejor tecnolog\u00eda disponible.<\/p>\n<h3 align=\"justify\"><strong>Misi\u00f3n<\/strong><\/h3>\n<p align=\"justify\">Comercializar productos y servicios integrales de seguridad mar\u00edtima e industrial de la m\u00e1s alta calidad a nuestra cartera de clientes, de forma competitiva, rentable y socialmente responsable, contribuyendo con el desarrollo de sus operaciones y el de nuestros empleados. Cumpliendo con las leyes y respetando el medio ambiente en la ejecuci\u00f3n de nuestras actividades.<\/p>\n<h3 align=\"justify\"><strong>Visi\u00f3n<\/strong><\/h3>\n<p align=\"justify\">Ser la empresa l\u00edder de suministro y asesoramiento del sector seguridad mar\u00edtima e industrial paname\u00f1o, reconocida como un aliado de negocios responsable y confiable, orientada hacia la calidad de sus productos y servicios, dedicada a satisfacer las necesidades de nuestros clientes.<\/p>\n<h3 align=\"justify\"><strong>Nuestros Valores<\/strong><\/h3>\n<div align=\"justify\">\n<ul>\n<li><strong>Honestidad y \u00e9tica<\/strong>\u00a0en cada una de nuestras actuaciones.<\/li>\n<li><strong>Respeto<\/strong>\u00a0hacia las personas, el medio ambiente y las leyes.<\/li>\n<li><strong>Lealtad y confianza<\/strong>\u00a0hacia nuestros clientes y proveedores.<\/li>\n<li><strong>Compromiso<\/strong>\u00a0en todo lo que hacemos.<\/li>\n<\/ul>\n<\/div>\n","protected":false},"excerpt":{"rendered":"<p>\u00bfQui\u00e9nes somos? Una empresa creada para dar respuesta inmediata a las necesidades de nuestros clientes , a la distribuci\u00f3n y suministro de equipos de protecci\u00f3n personal, herramientas de seguridad industrial y asesoramiento en materias de salud, seguridad, higiene y ambiente, &hellip; <a href=\"http:\/\/www.safetechpanamerica.com\/es\/la-empresa\/\">Continuado<\/a><\/p>\n","protected":false},"author":1,"featured_media":267,"parent":0,"menu_order":0,"comment_status":"open","ping_status":"open","template":"page-empresa.php","meta":[],"acf":[],"aioseo_notices":[],"_links":{"self":[{"href":"http:\/\/www.safetechpanamerica.com\/es\/wp-json\/wp\/v2\/pages\/21"}],"collection":[{"href":"http:\/\/www.safetechpanamerica.com\/es\/wp-json\/wp\/v2\/pages"}],"about":[{"href":"http:\/\/www.safetechpanamerica.com\/es\/wp-json\/wp\/v2\/types\/page"}],"author":[{"embeddable":true,"href":"http:\/\/www.safetechpanamerica.com\/es\/wp-json\/wp\/v2\/users\/1"}],"replies":[{"embeddable":true,"href":"http:\/\/www.safetechpanamerica.com\/es\/wp-json\/wp\/v2\/comments?post=21"}],"version-history":[{"count":4,"href":"http:\/\/www.safetechpanamerica.com\/es\/wp-json\/wp\/v2\/pages\/21\/revisions"}],"predecessor-version":[{"id":987,"href":"http:\/\/www.safetechpanamerica.com\/es\/wp-json\/wp\/v2\/pages\/21\/revisions\/987"}],"wp:featuredmedia":[{"embeddable":true,"href":"http:\/\/www.safetechpanamerica.com\/es\/wp-json\/wp\/v2\/media\/267"}],"wp:attachment":[{"href":"http:\/\/www.safetechpanamerica.com\/es\/wp-json\/wp\/v2\/media?parent=21"}],"curies":[{"name":"wp","href":"https:\/\/api.w.org\/{rel}","templated":true}]}}